{"id":29991,"date":"2025-11-10T19:07:08","date_gmt":"2025-11-10T19:07:08","guid":{"rendered":"http:\/\/cmd-lab.co\/product\/scalpium-extra-doux-shampooing\/"},"modified":"2026-03-06T21:55:37","modified_gmt":"2026-03-06T21:55:37","slug":"scalpium-extra-doux-shampooing","status":"publish","type":"product","link":"http:\/\/cmd-lab.co\/fr\/produit\/scalpium-extra-doux-shampooing\/","title":{"rendered":"Scalpium Extra &#8211; Doux Shampoo"},"content":{"rendered":"<ol>\n<li><strong>Propri\u00e9t\u00e9s<\/strong>\n<ul>\n<li>Shampoing doux pour un usage quotidien.<\/li>\n<li>Convient \u00e0 tous types de cheveux et entre les shampoings Sa formule haute tol\u00e9rance permet une utilisation quotidienne, m\u00eame sur les cuirs chevelus sensibles, et redonne \u00e9quilibre et brillance aux cheveux.<\/li>\n<li>Base lavante douce sans conservateur<\/li>\n<\/ul>\n<\/li>\n<li><strong>Indication<\/strong><br \/>\nUsage quotidien tous types de cheveux.<\/li>\n<li>Mode d\u2019emploi<br \/>\n\u00c0 utiliser r\u00e9guli\u00e8rement. Enfants \u2013 Adultes.<\/li>\n<\/ol>\n","protected":false},"excerpt":{"rendered":"<p>Shampoing usage quotidient<\/p>\n","protected":false},"featured_media":30778,"comment_status":"open","ping_status":"closed","template":"","meta":[],"product_brand":[],"product_cat":[201,202,147],"product_tag":[186,185,182,181,148],"class_list":{"0":"post-29991","1":"product","2":"type-product","3":"status-publish","4":"has-post-thumbnail","6":"product_cat-pour-femmes-2","7":"product_cat-pour-hommes-2","8":"product_cat-soins-capillaires","9":"product_tag-adultes","10":"product_tag-enfants","11":"product_tag-pour-femme","12":"product_tag-pour-homme","13":"product_tag-sans-conservateurs","15":"first","16":"instock","17":"featured","18":"shipping-taxable","19":"purchasable","20":"product-type-simple"},"_links":{"self":[{"href":"http:\/\/cmd-lab.co\/fr\/wp-json\/wp\/v2\/product\/29991","targetHints":{"allow":["GET"]}}],"collection":[{"href":"http:\/\/cmd-lab.co\/fr\/wp-json\/wp\/v2\/product"}],"about":[{"href":"http:\/\/cmd-lab.co\/fr\/wp-json\/wp\/v2\/types\/product"}],"replies":[{"embeddable":true,"href":"http:\/\/cmd-lab.co\/fr\/wp-json\/wp\/v2\/comments?post=29991"}],"version-history":[{"count":2,"href":"http:\/\/cmd-lab.co\/fr\/wp-json\/wp\/v2\/product\/29991\/revisions"}],"predecessor-version":[{"id":30788,"href":"http:\/\/cmd-lab.co\/fr\/wp-json\/wp\/v2\/product\/29991\/revisions\/30788"}],"wp:featuredmedia":[{"embeddable":true,"href":"http:\/\/cmd-lab.co\/fr\/wp-json\/wp\/v2\/media\/30778"}],"wp:attachment":[{"href":"http:\/\/cmd-lab.co\/fr\/wp-json\/wp\/v2\/media?parent=29991"}],"wp:term":[{"taxonomy":"product_brand","embeddable":true,"href":"http:\/\/cmd-lab.co\/fr\/wp-json\/wp\/v2\/product_brand?post=29991"},{"taxonomy":"product_cat","embeddable":true,"href":"http:\/\/cmd-lab.co\/fr\/wp-json\/wp\/v2\/product_cat?post=29991"},{"taxonomy":"product_tag","embeddable":true,"href":"http:\/\/cmd-lab.co\/fr\/wp-json\/wp\/v2\/product_tag?post=29991"}],"curies":[{"name":"wp","href":"https:\/\/api.w.org\/{rel}","templated":true}]}}