{"id":29998,"date":"2025-11-10T19:07:08","date_gmt":"2025-11-10T19:07:08","guid":{"rendered":"http:\/\/cmd-lab.co\/product\/scalpium-fortifiant-shampooing\/"},"modified":"2026-03-03T10:01:30","modified_gmt":"2026-03-03T10:01:30","slug":"scalpium-fortifiant-shampooing","status":"publish","type":"product","link":"http:\/\/cmd-lab.co\/fr\/produit\/scalpium-fortifiant-shampooing\/","title":{"rendered":"Scalpium Fortifiant Shampooing"},"content":{"rendered":"<ol>\n<li style=\"list-style-type: none;\">\n<ol>\n<li><strong>Propri\u00e9t\u00e9s<\/strong>\n<ul>\n<li>Panth\u00e9nol (Vitamines B5) Fortifiant.<\/li>\n<li>Gluadin WLM (prot\u00e9ine de bl\u00e9 hydrolys\u00e9e) Restructurant.<\/li>\n<li>Ingr\u00e9dient actif 100% naturel, certifi\u00e9 biologiquement par Ecocert, p\u00e9n\u00e8tre profond\u00e9ment dans la fibre capillaire, permettant la r\u00e9paration et la restructuration<\/li>\n<li>Bac&rsquo;ils (prot\u00e9ines de bl\u00e9 hydrolys\u00e9es) Fortifiant, stimule la croissance et limite la chute des cheveux.<\/li>\n<\/ul>\n<\/li>\n<li><strong>Indication <\/strong>\n<ul>\n<li>Lutte contre la perte des cheveux.<\/li>\n<li>Renforce et relance leur croissance<\/li>\n<\/ul>\n<\/li>\n<li><strong>Mode d\u2019emploi <\/strong>\n<ul>\n<li>Appliquer une noix de shampoing sur cheveux humides.<\/li>\n<li>Masser et laisser agir pendant 3 minutes, puis rincer.<\/li>\n<\/ul>\n<\/li>\n<\/ol>\n<\/li>\n<\/ol>\n","protected":false},"excerpt":{"rendered":"<p>Shampoing Anti\u2013Chute<\/p>\n","protected":false},"featured_media":30004,"comment_status":"open","ping_status":"closed","template":"","meta":[],"product_brand":[],"product_cat":[201,202,147],"product_tag":[150,151,182,181],"class_list":{"0":"post-29998","1":"product","2":"type-product","3":"status-publish","4":"has-post-thumbnail","6":"product_cat-pour-femmes-2","7":"product_cat-pour-hommes-2","8":"product_cat-soins-capillaires","9":"product_tag-anti-chute","10":"product_tag-fortifying","11":"product_tag-pour-femme","12":"product_tag-pour-homme","14":"first","15":"instock","16":"shipping-taxable","17":"purchasable","18":"product-type-simple"},"_links":{"self":[{"href":"http:\/\/cmd-lab.co\/fr\/wp-json\/wp\/v2\/product\/29998","targetHints":{"allow":["GET"]}}],"collection":[{"href":"http:\/\/cmd-lab.co\/fr\/wp-json\/wp\/v2\/product"}],"about":[{"href":"http:\/\/cmd-lab.co\/fr\/wp-json\/wp\/v2\/types\/product"}],"replies":[{"embeddable":true,"href":"http:\/\/cmd-lab.co\/fr\/wp-json\/wp\/v2\/comments?post=29998"}],"version-history":[{"count":3,"href":"http:\/\/cmd-lab.co\/fr\/wp-json\/wp\/v2\/product\/29998\/revisions"}],"predecessor-version":[{"id":30680,"href":"http:\/\/cmd-lab.co\/fr\/wp-json\/wp\/v2\/product\/29998\/revisions\/30680"}],"wp:featuredmedia":[{"embeddable":true,"href":"http:\/\/cmd-lab.co\/fr\/wp-json\/wp\/v2\/media\/30004"}],"wp:attachment":[{"href":"http:\/\/cmd-lab.co\/fr\/wp-json\/wp\/v2\/media?parent=29998"}],"wp:term":[{"taxonomy":"product_brand","embeddable":true,"href":"http:\/\/cmd-lab.co\/fr\/wp-json\/wp\/v2\/product_brand?post=29998"},{"taxonomy":"product_cat","embeddable":true,"href":"http:\/\/cmd-lab.co\/fr\/wp-json\/wp\/v2\/product_cat?post=29998"},{"taxonomy":"product_tag","embeddable":true,"href":"http:\/\/cmd-lab.co\/fr\/wp-json\/wp\/v2\/product_tag?post=29998"}],"curies":[{"name":"wp","href":"https:\/\/api.w.org\/{rel}","templated":true}]}}