{"id":30066,"date":"2025-11-10T19:07:07","date_gmt":"2025-11-10T19:07:07","guid":{"rendered":"http:\/\/cmd-lab.co\/product\/matrilift-visage\/"},"modified":"2026-03-03T10:06:34","modified_gmt":"2026-03-03T10:06:34","slug":"matrilift-visage","status":"publish","type":"product","link":"http:\/\/cmd-lab.co\/fr\/produit\/matrilift-visage\/","title":{"rendered":"Matrilift Visage"},"content":{"rendered":"<ol>\n<li><strong>Composition<\/strong>\n<ul>\n<li>3% Niacinamide<\/li>\n<li>8%Peptides<\/li>\n<li>2% Acid Hyaluronique<\/li>\n<\/ul>\n<\/li>\n<li><strong>\u00c9tiquettes<\/strong>\n<ul>\n<li>Matrilift visage s\u00e9rum anti \u00e2ge repulpe la peau et lutte contre les signes de vieillissement.<\/li>\n<li>Concentr\u00e9e en peptides stimule la production du collag\u00e8ne permettant un effet tenseur imm\u00e9diat.<\/li>\n<li>Ce s\u00e9rum contient L\u2019acide hyaluronique de bas poids mol\u00e9culaire hydrate en profondeur pour estomper les rides et les ridules faciales<\/li>\n<li>La pr\u00e9sence de la niacinamide att\u00e9nue les imperfections et unifie le teint.<\/li>\n<li>Texture Rapidement absorb\u00e9e.<\/li>\n<\/ul>\n<\/li>\n<li><strong>Indications<\/strong><br \/>\nMatrilift Visage r\u00e9duit et att\u00e9nue les rides du visage en stimulant la synth\u00e8se du collag\u00e8ne Sa texture permet une absorption compl\u00e8te du s\u00e9rum et redonne \u00e0 la peau \u00e9clat, fermet\u00e9 et tonicit\u00e9, tout en am\u00e9liorant son aspect.<\/li>\n<li>Mode d&#8217;emploi<br \/>\nAppliquer 2 \u00e0 3 gouttes quotidiennement matin et soir sur une peau propre en effectuant des mouvements circulaires. \u00c9viter le contour des yeux<\/li>\n<\/ol>\n","protected":false},"excerpt":{"rendered":"<p>Serum \u00e2nti-age<\/p>\n<p>&nbsp;<\/p>\n","protected":false},"featured_media":30067,"comment_status":"open","ping_status":"closed","template":"","meta":[],"product_brand":[],"product_cat":[167,201,202],"product_tag":[156,157,182,181],"class_list":{"0":"post-30066","1":"product","2":"type-product","3":"status-publish","4":"has-post-thumbnail","6":"product_cat-anti-age","7":"product_cat-pour-femmes-2","8":"product_cat-pour-hommes-2","9":"product_tag-hypoallergenique","10":"product_tag-non-comedogene","11":"product_tag-pour-femme","12":"product_tag-pour-homme","14":"first","15":"instock","16":"shipping-taxable","17":"purchasable","18":"product-type-simple"},"_links":{"self":[{"href":"http:\/\/cmd-lab.co\/fr\/wp-json\/wp\/v2\/product\/30066","targetHints":{"allow":["GET"]}}],"collection":[{"href":"http:\/\/cmd-lab.co\/fr\/wp-json\/wp\/v2\/product"}],"about":[{"href":"http:\/\/cmd-lab.co\/fr\/wp-json\/wp\/v2\/types\/product"}],"replies":[{"embeddable":true,"href":"http:\/\/cmd-lab.co\/fr\/wp-json\/wp\/v2\/comments?post=30066"}],"version-history":[{"count":2,"href":"http:\/\/cmd-lab.co\/fr\/wp-json\/wp\/v2\/product\/30066\/revisions"}],"predecessor-version":[{"id":30682,"href":"http:\/\/cmd-lab.co\/fr\/wp-json\/wp\/v2\/product\/30066\/revisions\/30682"}],"wp:featuredmedia":[{"embeddable":true,"href":"http:\/\/cmd-lab.co\/fr\/wp-json\/wp\/v2\/media\/30067"}],"wp:attachment":[{"href":"http:\/\/cmd-lab.co\/fr\/wp-json\/wp\/v2\/media?parent=30066"}],"wp:term":[{"taxonomy":"product_brand","embeddable":true,"href":"http:\/\/cmd-lab.co\/fr\/wp-json\/wp\/v2\/product_brand?post=30066"},{"taxonomy":"product_cat","embeddable":true,"href":"http:\/\/cmd-lab.co\/fr\/wp-json\/wp\/v2\/product_cat?post=30066"},{"taxonomy":"product_tag","embeddable":true,"href":"http:\/\/cmd-lab.co\/fr\/wp-json\/wp\/v2\/product_tag?post=30066"}],"curies":[{"name":"wp","href":"https:\/\/api.w.org\/{rel}","templated":true}]}}