{"id":30212,"date":"2025-11-10T19:07:07","date_gmt":"2025-11-10T19:07:07","guid":{"rendered":"http:\/\/cmd-lab.co\/product\/lumi-boost\/"},"modified":"2026-03-03T10:11:08","modified_gmt":"2026-03-03T10:11:08","slug":"lumi-boost","status":"publish","type":"product","link":"http:\/\/cmd-lab.co\/fr\/produit\/lumi-boost\/","title":{"rendered":"Lumi Boost"},"content":{"rendered":"<ol>\n<li><strong>Composition<\/strong>\n<ul>\n<li>4% Lumiskin\u00ae<\/li>\n<li>3% Niacinamide<\/li>\n<li>1% AHA<\/li>\n<\/ul>\n<\/li>\n<li><strong>Propri\u00e9t\u00e9s<\/strong>\n<ul>\n<li>Lumi Boost, s\u00e9rum \u00e9claircissant contre les taches brunes, unifie le teint et redonne de l\u2019\u00e9clat \u00e0 la peau.<\/li>\n<li>Ce s\u00e9rum contient un complexe d\u2019acide Alpha &#8211; hydroxyl\u00e9 avec deux ingr\u00e9dients actifs Lumiskin\u00ae et niacinamide.<\/li>\n<li>Cette combinaison att\u00e9nue les imperfections, exfolie en douceur, contr\u00f4le la pigmentation et pr\u00e9vient leur r\u00e9apparition.<\/li>\n<\/ul>\n<\/li>\n<li><strong>Indications<\/strong><br \/>S\u00e9rum nuit \u00e9claircissant pour teint uniforme aidant ainsi \u00e0 la correction des taches brunes.<\/li>\n<li><strong>Mode d&#8217;emploi<\/strong>\n<ul>\n<li><strong> <\/strong>Appliquez 2-3 gouttes apr\u00e8s avoir nettoy\u00e9 et s\u00e9ch\u00e9 la peau, le soir.<\/li>\n<li>\u00c9vitez l\u2019exposition au soleil. Utilisez un \u00e9cran solaire, pendant l\u2019utilisation du produit.<\/li>\n<li>\u00c9viter le contact avec les yeux. Conservez \u00e0 temp\u00e9rature ambiante, \u00e0 l\u2019abri de la lumi\u00e8re<\/li>\n<\/ul>\n<\/li>\n<\/ol>\n","protected":false},"excerpt":{"rendered":"<p>S\u00e9rum nuit \u00e9claircissant pour un teint uniforme et aide \u00e0 la correction des taches brunes.<br \/>S\u00e9rum \u00c9claircissant et Anti Imperfection<\/p>\n","protected":false},"featured_media":30213,"comment_status":"open","ping_status":"closed","template":"","meta":[],"product_brand":[],"product_cat":[201,202,172],"product_tag":[156,157,182,181],"class_list":{"0":"post-30212","1":"product","2":"type-product","3":"status-publish","4":"has-post-thumbnail","6":"product_cat-pour-femmes-2","7":"product_cat-pour-hommes-2","8":"product_cat-soin-depigmentant","9":"product_tag-hypoallergenique","10":"product_tag-non-comedogene","11":"product_tag-pour-femme","12":"product_tag-pour-homme","14":"first","15":"instock","16":"featured","17":"shipping-taxable","18":"purchasable","19":"product-type-simple"},"_links":{"self":[{"href":"http:\/\/cmd-lab.co\/fr\/wp-json\/wp\/v2\/product\/30212","targetHints":{"allow":["GET"]}}],"collection":[{"href":"http:\/\/cmd-lab.co\/fr\/wp-json\/wp\/v2\/product"}],"about":[{"href":"http:\/\/cmd-lab.co\/fr\/wp-json\/wp\/v2\/types\/product"}],"replies":[{"embeddable":true,"href":"http:\/\/cmd-lab.co\/fr\/wp-json\/wp\/v2\/comments?post=30212"}],"version-history":[{"count":2,"href":"http:\/\/cmd-lab.co\/fr\/wp-json\/wp\/v2\/product\/30212\/revisions"}],"predecessor-version":[{"id":30686,"href":"http:\/\/cmd-lab.co\/fr\/wp-json\/wp\/v2\/product\/30212\/revisions\/30686"}],"wp:featuredmedia":[{"embeddable":true,"href":"http:\/\/cmd-lab.co\/fr\/wp-json\/wp\/v2\/media\/30213"}],"wp:attachment":[{"href":"http:\/\/cmd-lab.co\/fr\/wp-json\/wp\/v2\/media?parent=30212"}],"wp:term":[{"taxonomy":"product_brand","embeddable":true,"href":"http:\/\/cmd-lab.co\/fr\/wp-json\/wp\/v2\/product_brand?post=30212"},{"taxonomy":"product_cat","embeddable":true,"href":"http:\/\/cmd-lab.co\/fr\/wp-json\/wp\/v2\/product_cat?post=30212"},{"taxonomy":"product_tag","embeddable":true,"href":"http:\/\/cmd-lab.co\/fr\/wp-json\/wp\/v2\/product_tag?post=30212"}],"curies":[{"name":"wp","href":"https:\/\/api.w.org\/{rel}","templated":true}]}}