{"id":30371,"date":"2025-11-10T19:07:06","date_gmt":"2025-11-10T19:07:06","guid":{"rendered":"https:\/\/cmd-lab.co\/product\/arbu-blanc\/"},"modified":"2026-03-05T07:48:30","modified_gmt":"2026-03-05T07:48:30","slug":"arbu-white","status":"publish","type":"product","link":"http:\/\/cmd-lab.co\/fr\/produit\/arbu-white\/","title":{"rendered":"Arbu White"},"content":{"rendered":"<ol>\n<li style=\"list-style-type: none;\">\n<ol>\n<li><strong>Composition<\/strong>\n<ul>\n<li>Arbutine 4% (action en profondeur) inhibiteur de la tyrosinase en bloquant la production excessive de m\u00e9lanine.<\/li>\n<li>AHA 7,2 % (action corrective) \u00c9limine par exfoliation la pigmentation d\u00e9j\u00e0 pr\u00e9sente.<\/li>\n<li>Vitamine C 2% (action pr\u00e9ventive) Ralentit et r\u00e9duit la r\u00e9currence des taches cutan\u00e9es gr\u00e2ce \u00e0 son action anti-radicalaire.<\/li>\n<li>2% de beurre de karit\u00e9 hydratant et \u00e9mollient.<\/li>\n<\/ul>\n<\/li>\n<li><strong>Propri\u00e9t\u00e9s<\/strong><br \/>R\u00e9duire les taches brunes, unifie et \u00e9claircit le teint. <\/li>\n<li><strong>Indications<\/strong>\n<ul>\n<li>M\u00e9lasma<\/li>\n<li>Chloasma<\/li>\n<li>Lentigos<\/li>\n<\/ul>\n<\/li>\n<li><strong>Mode d&#8217;emploi<\/strong>\n<ul>\n<li>Utilisation quotidienne sur les zones \u00e0 traiter (visage, mains, cou)<\/li>\n<li>Matin et soir<\/li>\n<\/ul>\n<\/li>\n<\/ol>\n<\/li>\n<\/ol>\n","protected":false},"excerpt":{"rendered":"<p>Cr\u00e8me d\u00e9pigmentante<\/p>\n","protected":false},"featured_media":30377,"comment_status":"open","ping_status":"closed","template":"","meta":[],"product_brand":[],"product_cat":[201,202,172],"product_tag":[156,157,182,181,159],"class_list":{"0":"post-30371","1":"product","2":"type-product","3":"status-publish","4":"has-post-thumbnail","6":"product_cat-pour-femmes-2","7":"product_cat-pour-hommes-2","8":"product_cat-soin-depigmentant","9":"product_tag-hypoallergenique","10":"product_tag-non-comedogene","11":"product_tag-pour-femme","12":"product_tag-pour-homme","13":"product_tag-sans-parfum","15":"first","16":"instock","17":"shipping-taxable","18":"purchasable","19":"product-type-simple"},"_links":{"self":[{"href":"http:\/\/cmd-lab.co\/fr\/wp-json\/wp\/v2\/product\/30371","targetHints":{"allow":["GET"]}}],"collection":[{"href":"http:\/\/cmd-lab.co\/fr\/wp-json\/wp\/v2\/product"}],"about":[{"href":"http:\/\/cmd-lab.co\/fr\/wp-json\/wp\/v2\/types\/product"}],"replies":[{"embeddable":true,"href":"http:\/\/cmd-lab.co\/fr\/wp-json\/wp\/v2\/comments?post=30371"}],"version-history":[{"count":6,"href":"http:\/\/cmd-lab.co\/fr\/wp-json\/wp\/v2\/product\/30371\/revisions"}],"predecessor-version":[{"id":30751,"href":"http:\/\/cmd-lab.co\/fr\/wp-json\/wp\/v2\/product\/30371\/revisions\/30751"}],"wp:featuredmedia":[{"embeddable":true,"href":"http:\/\/cmd-lab.co\/fr\/wp-json\/wp\/v2\/media\/30377"}],"wp:attachment":[{"href":"http:\/\/cmd-lab.co\/fr\/wp-json\/wp\/v2\/media?parent=30371"}],"wp:term":[{"taxonomy":"product_brand","embeddable":true,"href":"http:\/\/cmd-lab.co\/fr\/wp-json\/wp\/v2\/product_brand?post=30371"},{"taxonomy":"product_cat","embeddable":true,"href":"http:\/\/cmd-lab.co\/fr\/wp-json\/wp\/v2\/product_cat?post=30371"},{"taxonomy":"product_tag","embeddable":true,"href":"http:\/\/cmd-lab.co\/fr\/wp-json\/wp\/v2\/product_tag?post=30371"}],"curies":[{"name":"wp","href":"https:\/\/api.w.org\/{rel}","templated":true}]}}